{"id":1615,"date":"2021-01-02T16:45:27","date_gmt":"2021-01-02T16:45:27","guid":{"rendered":"https:\/\/kulturedadvisors.com\/?page_id=1615"},"modified":"2021-01-20T01:11:16","modified_gmt":"2021-01-20T01:11:16","slug":"management-training-program-project-support","status":"publish","type":"page","link":"https:\/\/kulturedadvisors.com\/fr\/management-training-program-project-support\/","title":{"rendered":"Management Training, Program &#038; Project Support"},"content":{"rendered":"<div data-elementor-type=\"wp-page\" data-elementor-id=\"1615\" class=\"elementor elementor-1615\" data-elementor-post-type=\"page\">\n\t\t\t\t\t\t<section class=\"elementor-section elementor-top-section elementor-element elementor-element-4646e1f8 elementor-section-full_width elementor-section-content-bottom elementor-section-height-min-height elementor-section-height-default elementor-section-items-middle\" data-id=\"4646e1f8\" data-element_type=\"section\" data-settings=\"{&quot;background_background&quot;:&quot;classic&quot;}\">\n\t\t\t\t\t\t<div class=\"elementor-container elementor-column-gap-no\">\n\t\t\t\t\t<div class=\"elementor-column elementor-col-50 elementor-top-column elementor-element elementor-element-5344a376\" data-id=\"5344a376\" data-element_type=\"column\">\n\t\t\t<div class=\"elementor-widget-wrap elementor-element-populated\">\n\t\t\t\t\t\t<section class=\"elementor-section elementor-inner-section elementor-element elementor-element-24db9fa4 elementor-reverse-tablet elementor-reverse-mobile elementor-section-boxed elementor-section-height-default elementor-section-height-default\" data-id=\"24db9fa4\" data-element_type=\"section\">\n\t\t\t\t\t\t<div class=\"elementor-container elementor-column-gap-default\">\n\t\t\t\t\t<div class=\"elementor-column elementor-col-100 elementor-inner-column elementor-element elementor-element-5dfe2c45\" data-id=\"5dfe2c45\" data-element_type=\"column\">\n\t\t\t<div class=\"elementor-widget-wrap elementor-element-populated\">\n\t\t\t\t\t\t<div class=\"elementor-element elementor-element-648fca52 elementor-widget elementor-widget-heading\" data-id=\"648fca52\" data-element_type=\"widget\" data-widget_type=\"heading.default\">\n\t\t\t\t<div class=\"elementor-widget-container\">\n\t\t\t\t\t<h1 class=\"elementor-heading-title elementor-size-default\">MANAGEMENT TRAINING, PROGRAM &amp; PROJECT SUPPORT\n<\/h1>\t\t\t\t<\/div>\n\t\t\t\t<\/div>\n\t\t\t\t<div class=\"elementor-element elementor-element-3b8f91bd elementor-widget elementor-widget-text-editor\" data-id=\"3b8f91bd\" data-element_type=\"widget\" data-widget_type=\"text-editor.default\">\n\t\t\t\t<div class=\"elementor-widget-container\">\n\t\t\t\t\t\t\t\t\t\"Demain appartient aux gens qui s'y pr\u00e9parent aujourd'hui.\" <br>\u2013Malcolm X\t\t\t\t\t\t\t\t<\/div>\n\t\t\t\t<\/div>\n\t\t\t\t<div class=\"elementor-element elementor-element-12270c7d elementor-widget elementor-widget-button\" data-id=\"12270c7d\" data-element_type=\"widget\" data-widget_type=\"button.default\">\n\t\t\t\t<div class=\"elementor-widget-container\">\n\t\t\t\t\t\t\t\t\t<div class=\"elementor-button-wrapper\">\n\t\t\t\t\t<a class=\"elementor-button elementor-button-link elementor-size-sm\" href=\"https:\/\/kulturedadvisors.com\/fr\/contact-2\/\">\n\t\t\t\t\t\t<span class=\"elementor-button-content-wrapper\">\n\t\t\t\t\t\t\t\t\t<span class=\"elementor-button-text\">Contact Us<\/span>\n\t\t\t\t\t<\/span>\n\t\t\t\t\t<\/a>\n\t\t\t\t<\/div>\n\t\t\t\t\t\t\t\t<\/div>\n\t\t\t\t<\/div>\n\t\t\t\t\t<\/div>\n\t\t<\/div>\n\t\t\t\t\t<\/div>\n\t\t<\/section>\n\t\t\t\t\t<\/div>\n\t\t<\/div>\n\t\t\t\t<div class=\"elementor-column elementor-col-50 elementor-top-column elementor-element elementor-element-de992e0\" data-id=\"de992e0\" data-element_type=\"column\" data-settings=\"{&quot;background_background&quot;:&quot;classic&quot;}\">\n\t\t\t<div class=\"elementor-widget-wrap\">\n\t\t\t\t\t<div class=\"elementor-background-overlay\"><\/div>\n\t\t\t\t\t\t\t<\/div>\n\t\t<\/div>\n\t\t\t\t\t<\/div>\n\t\t<\/section>\n\t\t\t\t<section class=\"elementor-section elementor-top-section elementor-element elementor-element-1d9f36e2 elementor-section-boxed elementor-section-height-default elementor-section-height-default\" data-id=\"1d9f36e2\" data-element_type=\"section\">\n\t\t\t\t\t\t<div class=\"elementor-container elementor-column-gap-no\">\n\t\t\t\t\t<div class=\"elementor-column elementor-col-100 elementor-top-column elementor-element elementor-element-2db81e25\" data-id=\"2db81e25\" data-element_type=\"column\">\n\t\t\t<div class=\"elementor-widget-wrap elementor-element-populated\">\n\t\t\t\t\t\t<section class=\"elementor-section elementor-inner-section elementor-element elementor-element-297768a2 elementor-section-content-middle elementor-section-boxed elementor-section-height-default elementor-section-height-default\" data-id=\"297768a2\" data-element_type=\"section\">\n\t\t\t\t\t\t<div class=\"elementor-container elementor-column-gap-no\">\n\t\t\t\t\t<div class=\"elementor-column elementor-col-66 elementor-inner-column elementor-element elementor-element-c84feb3\" data-id=\"c84feb3\" data-element_type=\"column\">\n\t\t\t<div class=\"elementor-widget-wrap elementor-element-populated\">\n\t\t\t\t\t\t<div class=\"elementor-element elementor-element-2fb67390 elementor-widget elementor-widget-image\" data-id=\"2fb67390\" data-element_type=\"widget\" data-widget_type=\"image.default\">\n\t\t\t\t<div class=\"elementor-widget-container\">\n\t\t\t\t\t\t\t\t\t\t\t\t\t\t\t<img fetchpriority=\"high\" decoding=\"async\" width=\"1024\" height=\"684\" src=\"https:\/\/kulturedadvisors.com\/wp-content\/uploads\/2019\/09\/Photographer-Christina-Morillo-2-1024x684.jpg\" class=\"attachment-large size-large wp-image-405\" alt=\"\" srcset=\"https:\/\/kulturedadvisors.com\/wp-content\/uploads\/2019\/09\/Photographer-Christina-Morillo-2-1024x684.jpg 1024w, https:\/\/kulturedadvisors.com\/wp-content\/uploads\/2019\/09\/Photographer-Christina-Morillo-2-300x200.jpg 300w, https:\/\/kulturedadvisors.com\/wp-content\/uploads\/2019\/09\/Photographer-Christina-Morillo-2-768x513.jpg 768w\" sizes=\"(max-width: 1024px) 100vw, 1024px\" \/>\t\t\t\t\t\t\t\t\t\t\t\t\t\t\t<\/div>\n\t\t\t\t<\/div>\n\t\t\t\t\t<\/div>\n\t\t<\/div>\n\t\t\t\t<div class=\"elementor-column elementor-col-33 elementor-inner-column elementor-element elementor-element-2595d5cb\" data-id=\"2595d5cb\" data-element_type=\"column\" data-settings=\"{&quot;background_background&quot;:&quot;classic&quot;}\">\n\t\t\t<div class=\"elementor-widget-wrap elementor-element-populated\">\n\t\t\t\t\t\t<div class=\"elementor-element elementor-element-5bb82078 elementor-widget elementor-widget-heading\" data-id=\"5bb82078\" data-element_type=\"widget\" data-widget_type=\"heading.default\">\n\t\t\t\t<div class=\"elementor-widget-container\">\n\t\t\t\t\t<h3 class=\"elementor-heading-title elementor-size-default\">Formation a la gestion de programmes et de projets.\n<\/h3>\t\t\t\t<\/div>\n\t\t\t\t<\/div>\n\t\t\t\t<div class=\"elementor-element elementor-element-9a8e5fa elementor-widget elementor-widget-heading\" data-id=\"9a8e5fa\" data-element_type=\"widget\" data-widget_type=\"heading.default\">\n\t\t\t\t<div class=\"elementor-widget-container\">\n\t\t\t\t\t<h3 class=\"elementor-heading-title elementor-size-default\">Enseigner une nouvelle fa\u00e7on de faire les choses.<\/h3>\t\t\t\t<\/div>\n\t\t\t\t<\/div>\n\t\t\t\t<div class=\"elementor-element elementor-element-5abf6be9 elementor-widget-divider--view-line elementor-widget elementor-widget-divider\" data-id=\"5abf6be9\" data-element_type=\"widget\" data-widget_type=\"divider.default\">\n\t\t\t\t<div class=\"elementor-widget-container\">\n\t\t\t\t\t\t\t<div class=\"elementor-divider\">\n\t\t\t<span class=\"elementor-divider-separator\">\n\t\t\t\t\t\t<\/span>\n\t\t<\/div>\n\t\t\t\t\t\t<\/div>\n\t\t\t\t<\/div>\n\t\t\t\t<div class=\"elementor-element elementor-element-6b113583 elementor-widget elementor-widget-text-editor\" data-id=\"6b113583\" data-element_type=\"widget\" data-widget_type=\"text-editor.default\">\n\t\t\t\t<div class=\"elementor-widget-container\">\n\t\t\t\t\t\t\t\t\t<p>L'\u00e9tablissement d'un nouveau programme ou projet est une t\u00e2che \u00e9crasante qui implique l'\u00e9tude et l'\u00e9valuation minutieuses d\u2019une pl\u00e9thore de variables. Pour vous aider dans cette t\u00e2che potentiellement \u00e9crasante, nous soutenons votre organisation dans la conception strat\u00e9gique, la planification et la mise en \u0153uvre de votre programme ou projet, qu'il soit \u00e0 court terme ou pluriannuel.<\/p><p><strong>Formation \u00e0 la direction de projet: <\/strong>diriger un projet ou un programme n\u00e9cessite un ensemble particulier de comp\u00e9tences et d'outils. Avec notre assistance, votre \u00e9quipe de projet peut mettre en valeur les meilleures qualit\u00e9s de leadership qu'elle poss\u00e8de d\u00e9j\u00e0 en utilisant les techniques et les outils de leadership appropri\u00e9s.<\/p>\t\t\t\t\t\t\t\t<\/div>\n\t\t\t\t<\/div>\n\t\t\t\t\t<\/div>\n\t\t<\/div>\n\t\t\t\t\t<\/div>\n\t\t<\/section>\n\t\t\t\t<section class=\"elementor-section elementor-inner-section elementor-element elementor-element-6ee1498 elementor-section-content-middle elementor-section-boxed elementor-section-height-default elementor-section-height-default\" data-id=\"6ee1498\" data-element_type=\"section\">\n\t\t\t\t\t\t<div class=\"elementor-container elementor-column-gap-no\">\n\t\t\t\t\t<div class=\"elementor-column elementor-col-100 elementor-inner-column elementor-element elementor-element-c1a2cbc\" data-id=\"c1a2cbc\" data-element_type=\"column\" data-settings=\"{&quot;background_background&quot;:&quot;classic&quot;}\">\n\t\t\t<div class=\"elementor-widget-wrap elementor-element-populated\">\n\t\t\t\t\t\t<div class=\"elementor-element elementor-element-66d02960 elementor-widget elementor-widget-text-editor\" data-id=\"66d02960\" data-element_type=\"widget\" data-widget_type=\"text-editor.default\">\n\t\t\t\t<div class=\"elementor-widget-container\">\n\t\t\t\t\t\t\t\t\t<p><strong>G\u00e9rer les parties prenantes dans un environnement de projet aux multiples facettes: <\/strong>G\u00e9rer les attentes des parties prenantes est une t\u00e2che monumentale en soi. Nos experts vous enseigneront et vous aideront \u00e0 utiliser une pl\u00e9thore d'outils et d'instruments pour garantir votre succ\u00e8s.<\/p><p><strong>Strat\u00e9gie de continuit\u00e9 pour la gestion de projets pluriannuels: <\/strong>Les projets \u00e0 long terme n\u00e9cessitent un m\u00e9lange complexe de coordination, de travail d'\u00e9quipe et de pers\u00e9v\u00e9rance. Pour vous aider dans vos projets pluriannuels, Kultured Advisors vous aide \u00e0 \u00e9tablir et \u00e0 maintenir la continuit\u00e9 des efforts de votre \u00e9quipe gr\u00e2ce \u00e0 des m\u00e9canismes complets et utiles tout au long des phases de conception, de planification, d'ex\u00e9cution, de suivi, d'\u00e9valuation et de cl\u00f4ture de chaque projet. Nous garantissons une am\u00e9lioration de la capacit\u00e9 de continuit\u00e9, de l'efficacit\u00e9 et de la gestion des d\u00e9lais de votre organisation avec notre assistance.<\/p>\t\t\t\t\t\t\t\t<\/div>\n\t\t\t\t<\/div>\n\t\t\t\t<div class=\"elementor-element elementor-element-aaff9e0 elementor-widget elementor-widget-text-editor\" data-id=\"aaff9e0\" data-element_type=\"widget\" data-widget_type=\"text-editor.default\">\n\t\t\t\t<div class=\"elementor-widget-container\">\n\t\t\t\t\t\t\t\t\t<p><strong>Avantages: <\/strong><\/p><ul><li><strong>Une meilleure participation: <\/strong>Gr\u00e2ce \u00e0 une gestion et une planification solides, votre \u00e9quipe am\u00e9liorera la valeur et la qualit\u00e9 de la participation \u00e0 toutes les phases du cycle de vie d'un projet, de la phase de planification \u00e0 l'analyse post-projet.<\/li><\/ul><ul><li><strong>Une coh\u00e9rence plus large: <\/strong>: il est courant que les projets affichent des niveaux de coh\u00e9rence m\u00e9diocres dans le cadre de projets longs. Avec notre assistance, vos \u00e9quipes appliqueront des principes de gestion de projet coh\u00e9rents tout au long des phases du projet, ce qui conduit \u00e0 une meilleure ex\u00e9cution \u00e0 long terme, \u00e0 une meilleure satisfaction des parties prenantes et des clients, et conduira \u00e0 des succ\u00e8s r\u00e9p\u00e9t\u00e9s et \u00e0 des r\u00e9sultats satisfaisants.<\/li><li><strong>Confiance accrue: <\/strong>en fournissant \u00e0 vos \u00e9quipes les outils et les comp\u00e9tences les plus novateurs pour g\u00e9rer des projets \u00e0 chaque \u00e9tape, nous leur donnons \u00e9galement la confiance n\u00e9cessaire pour s'attaquer \u00e0 des projets difficiles, complexes et critiques dans des circonstances difficiles, avec l'assurance que leurs comp\u00e9tences d\u00e9cisionnelles ont \u00e9t\u00e9 aff\u00fbt\u00e9es gr\u00e2ce \u00e0 des conseils et une formation soign\u00e9s.<\/li><\/ul><ul><li><strong>Am\u00e9lioration de l'efficacit\u00e9 <\/strong>la connaissance, c'est le pouvoir. En donnant \u00e0 votre \u00e9quipe les informations n\u00e9cessaires pour bien comprendre chaque phase du projet, elle peut les aborder plus efficacement, garantissant de meilleurs r\u00e9sultats avec un minimum de risques et de pertes.<\/li><li><strong>Meilleure utilisation des ressources dans l\u2019ensemble de l'organisation: <\/strong>Gr\u00e2ce \u00e0 une efficacit\u00e9 accrue, votre \u00e9quipe fera un meilleur usage du temps et des autres ressources. Gr\u00e2ce \u00e0 notre formation, les nouvelles id\u00e9es et perspectives de votre \u00e9quipe garantiront de meilleurs choix financiers, un meilleur calendrier et une meilleure gestion globale.<\/li><\/ul>\t\t\t\t\t\t\t\t<\/div>\n\t\t\t\t<\/div>\n\t\t\t\t<div class=\"elementor-element elementor-element-111a82f elementor-align-left elementor-mobile-align-center elementor-widget elementor-widget-button\" data-id=\"111a82f\" data-element_type=\"widget\" data-widget_type=\"button.default\">\n\t\t\t\t<div class=\"elementor-widget-container\">\n\t\t\t\t\t\t\t\t\t<div class=\"elementor-button-wrapper\">\n\t\t\t\t\t<a class=\"elementor-button elementor-button-link elementor-size-sm\" href=\"https:\/\/kulturedadvisors.com\/fr\/contact-2\/\">\n\t\t\t\t\t\t<span class=\"elementor-button-content-wrapper\">\n\t\t\t\t\t\t\t\t\t<span class=\"elementor-button-text\">Contact Us<\/span>\n\t\t\t\t\t<\/span>\n\t\t\t\t\t<\/a>\n\t\t\t\t<\/div>\n\t\t\t\t\t\t\t\t<\/div>\n\t\t\t\t<\/div>\n\t\t\t\t\t<\/div>\n\t\t<\/div>\n\t\t\t\t\t<\/div>\n\t\t<\/section>\n\t\t\t\t<section class=\"elementor-section elementor-inner-section elementor-element elementor-element-9bc017e elementor-section-content-middle elementor-reverse-tablet elementor-reverse-mobile elementor-section-boxed elementor-section-height-default elementor-section-height-default\" data-id=\"9bc017e\" data-element_type=\"section\">\n\t\t\t\t\t\t<div class=\"elementor-container elementor-column-gap-no\">\n\t\t\t\t\t<div class=\"elementor-column elementor-col-33 elementor-inner-column elementor-element elementor-element-22b9edc3\" data-id=\"22b9edc3\" data-element_type=\"column\" data-settings=\"{&quot;background_background&quot;:&quot;classic&quot;}\">\n\t\t\t<div class=\"elementor-widget-wrap elementor-element-populated\">\n\t\t\t\t\t\t<div class=\"elementor-element elementor-element-179f26d5 elementor-widget elementor-widget-heading\" data-id=\"179f26d5\" data-element_type=\"widget\" data-widget_type=\"heading.default\">\n\t\t\t\t<div class=\"elementor-widget-container\">\n\t\t\t\t\t<h3 class=\"elementor-heading-title elementor-size-default\">Appui \u00e0 la mise en \u0153uvre de programmes et de projets.\n<\/h3>\t\t\t\t<\/div>\n\t\t\t\t<\/div>\n\t\t\t\t<div class=\"elementor-element elementor-element-4c9bccb elementor-widget elementor-widget-heading\" data-id=\"4c9bccb\" data-element_type=\"widget\" data-widget_type=\"heading.default\">\n\t\t\t\t<div class=\"elementor-widget-container\">\n\t\t\t\t\t<h3 class=\"elementor-heading-title elementor-size-default\">Mise en place de solutions et d\u2019outils syst\u00e9miques innovants permettant aux gens ordinaires de faire des choses extraordinaires.<\/h3>\t\t\t\t<\/div>\n\t\t\t\t<\/div>\n\t\t\t\t<div class=\"elementor-element elementor-element-2542fb5e elementor-widget-divider--view-line elementor-widget elementor-widget-divider\" data-id=\"2542fb5e\" data-element_type=\"widget\" data-widget_type=\"divider.default\">\n\t\t\t\t<div class=\"elementor-widget-container\">\n\t\t\t\t\t\t\t<div class=\"elementor-divider\">\n\t\t\t<span class=\"elementor-divider-separator\">\n\t\t\t\t\t\t<\/span>\n\t\t<\/div>\n\t\t\t\t\t\t<\/div>\n\t\t\t\t<\/div>\n\t\t\t\t<div class=\"elementor-element elementor-element-4ee71a49 elementor-widget elementor-widget-text-editor\" data-id=\"4ee71a49\" data-element_type=\"widget\" data-widget_type=\"text-editor.default\">\n\t\t\t\t<div class=\"elementor-widget-container\">\n\t\t\t\t\t\t\t\t\t<p>Surmonter les d\u00e9fis et les obstacles est un aspect in\u00e9vitable de la gestion de projet. Avec notre aide, vous comprendrez la cause profonde du probl\u00e8me, analyserez sa port\u00e9e et ses cons\u00e9quences, et ajusterez les op\u00e9rations et les ressources du programme pour le d\u00e9passer sans compromettre le projet.<\/p><p><strong>Soutien \u00e0 la pr\u00e9paration et \u00e0 la mise en \u0153uvre des projets: <\/strong>En fonction des besoins sp\u00e9cifiques de votre organisation, nous avons de nombreuses options disponibles pour fournir une assistance \u00e0 la pr\u00e9paration du projet. Un ou plusieurs de nos experts en projets travailleront avec votre \u00e9quipe dans le cadre de contrats \u00e0 l\u2019heure, \u00e0 la journ\u00e9e ou au mois pour mettre en \u0153uvre le soutien dont vous pourriez avoir besoin pour fournir ou pr\u00e9parer des \u00e9l\u00e9ments sp\u00e9cifiques du projet.<\/p><p>\u00a0<\/p>\t\t\t\t\t\t\t\t<\/div>\n\t\t\t\t<\/div>\n\t\t\t\t\t<\/div>\n\t\t<\/div>\n\t\t\t\t<div class=\"elementor-column elementor-col-66 elementor-inner-column elementor-element elementor-element-6598bd8e\" data-id=\"6598bd8e\" data-element_type=\"column\">\n\t\t\t<div class=\"elementor-widget-wrap elementor-element-populated\">\n\t\t\t\t\t\t<div class=\"elementor-element elementor-element-528080a2 elementor-widget elementor-widget-image\" data-id=\"528080a2\" data-element_type=\"widget\" data-widget_type=\"image.default\">\n\t\t\t\t<div class=\"elementor-widget-container\">\n\t\t\t\t\t\t\t\t\t\t\t\t\t\t\t<img decoding=\"async\" width=\"1024\" height=\"683\" src=\"https:\/\/kulturedadvisors.com\/wp-content\/uploads\/2019\/09\/Photographer-Christina-Morillo-1024x683.jpg\" class=\"attachment-large size-large wp-image-406\" alt=\"\" srcset=\"https:\/\/kulturedadvisors.com\/wp-content\/uploads\/2019\/09\/Photographer-Christina-Morillo-1024x683.jpg 1024w, https:\/\/kulturedadvisors.com\/wp-content\/uploads\/2019\/09\/Photographer-Christina-Morillo-300x200.jpg 300w, https:\/\/kulturedadvisors.com\/wp-content\/uploads\/2019\/09\/Photographer-Christina-Morillo-768x512.jpg 768w\" sizes=\"(max-width: 1024px) 100vw, 1024px\" \/>\t\t\t\t\t\t\t\t\t\t\t\t\t\t\t<\/div>\n\t\t\t\t<\/div>\n\t\t\t\t\t<\/div>\n\t\t<\/div>\n\t\t\t\t\t<\/div>\n\t\t<\/section>\n\t\t\t\t<section class=\"elementor-section elementor-inner-section elementor-element elementor-element-65d62f90 elementor-section-content-middle elementor-section-boxed elementor-section-height-default elementor-section-height-default\" data-id=\"65d62f90\" data-element_type=\"section\">\n\t\t\t\t\t\t<div class=\"elementor-container elementor-column-gap-no\">\n\t\t\t\t\t<div class=\"elementor-column elementor-col-100 elementor-inner-column elementor-element elementor-element-66fd6389\" data-id=\"66fd6389\" data-element_type=\"column\" data-settings=\"{&quot;background_background&quot;:&quot;classic&quot;}\">\n\t\t\t<div class=\"elementor-widget-wrap elementor-element-populated\">\n\t\t\t\t\t\t<div class=\"elementor-element elementor-element-16d94fb4 elementor-widget elementor-widget-text-editor\" data-id=\"16d94fb4\" data-element_type=\"widget\" data-widget_type=\"text-editor.default\">\n\t\t\t\t<div class=\"elementor-widget-container\">\n\t\t\t\t\t\t\t\t\t<p><strong>Soutien \u00e0 la planification des ressources d'entreprise (ERP): <\/strong>Pour aider votre organisation \u00e0 atteindre ses objectifs, nous proc\u00e9derons \u00e0 une \u00e9valuation des besoins pour les op\u00e9rations, les proc\u00e9dures et la gestion des processus de vos projets et programmes. Ensuite, nous concevrons un syst\u00e8me ERP qui permettra  d\u2019int\u00e9grer toutes les fonctions de votre organisation pour vous aider par la suite \u00e0 identifier le potentiel d'am\u00e9lioration dans les aspects suivants:<\/p><ul><li>Planification de projet, suivi des progr\u00e8s et responsabilit\u00e9 en mati\u00e8re d'efficacit\u00e9.<\/li><li>\u00c9tablissement de cadres de r\u00e9sultats et de ressources, de m\u00e9canismes et d'outils d'\u00e9valuation et de suivi, ainsi que d'indicateurs de performance cl\u00e9s pour les r\u00e9sultats et les r\u00e9alisations de votre projet.<\/li><li>Un processus syst\u00e9matique d\u00e9di\u00e9 \u00e0 la formulation et \u00e0 la cr\u00e9ation de ressources de projet \u00e0 long terme incluant, mais sans s'y limiter, les ressources financi\u00e8res, humaines et informatiques.<\/li><li>R\u00e9duire la possibilit\u00e9 de d\u00e9passements de co\u00fbts caus\u00e9s par une mauvaise planification et un manque d'approche syst\u00e9mique pour analyser les besoins en ressources du projet.<\/li><\/ul><p><strong>Soutien au renforcement des capacit\u00e9s: <\/strong>les projets d\u00e9veloppent une performance plus efficace et efficiente avec une approche op\u00e9rationnelle appropri\u00e9e. En tant que tel, Kultured Advisors dispose d'une pl\u00e9thore d'experts pr\u00eats \u00e0 former des \u00e9quipes de projet sur des proc\u00e9dures ax\u00e9es sur les r\u00e9sultats dans des domaines op\u00e9rationnels cruciaux pour affiner les performances de vos projets. Pour y parvenir, nous accompagnons les cadres sup\u00e9rieurs et contribuons \u00e0 r\u00e9duire les \u00e9carts de contr\u00f4le, tout en am\u00e9liorant la motivation de votre \u00e9quipe de support projet, ce qui contribuera \u00e0 atteindre les objectifs et \u00e0 remplir la mission de l'organisation.<\/p>\t\t\t\t\t\t\t\t<\/div>\n\t\t\t\t<\/div>\n\t\t\t\t<div class=\"elementor-element elementor-element-6b2ac0c elementor-widget elementor-widget-text-editor\" data-id=\"6b2ac0c\" data-element_type=\"widget\" data-widget_type=\"text-editor.default\">\n\t\t\t\t<div class=\"elementor-widget-container\">\n\t\t\t\t\t\t\t\t\t<p><strong>Avantages:<\/strong><\/p><ul><li><strong>Un Diagnostic et un soutien instantan\u00e9s:<\/strong> Aide \u00e0 l'identification des aspects \u00e0 renforcer par la formation et \u00e0 la cr\u00e9ation d'un plan destin\u00e9 \u00e0 g\u00e9rer les ressources existantes du projet.<\/li><li><strong>Sessions de formation sur mesure: <\/strong>D\u00e9veloppement de modules de formation personnalis\u00e9s pour rationaliser l'apprentissage de l'organisation et le d\u00e9veloppement des capacit\u00e9s en fonction des besoins et des horaires de votre entreprise.<\/li><li><strong>Aide ERP: <\/strong>int\u00e9gration de l'ERP de votre organisation, y compris les finances et les comptabilit\u00e9.<\/li><\/ul><p>\u00a0<\/p>\t\t\t\t\t\t\t\t<\/div>\n\t\t\t\t<\/div>\n\t\t\t\t<div class=\"elementor-element elementor-element-64fec47 elementor-align-left elementor-mobile-align-center elementor-widget elementor-widget-button\" data-id=\"64fec47\" data-element_type=\"widget\" data-widget_type=\"button.default\">\n\t\t\t\t<div class=\"elementor-widget-container\">\n\t\t\t\t\t\t\t\t\t<div class=\"elementor-button-wrapper\">\n\t\t\t\t\t<a class=\"elementor-button elementor-button-link elementor-size-sm\" href=\"https:\/\/kulturedadvisors.com\/fr\/contact-2\/\">\n\t\t\t\t\t\t<span class=\"elementor-button-content-wrapper\">\n\t\t\t\t\t\t\t\t\t<span class=\"elementor-button-text\">Contact Us<\/span>\n\t\t\t\t\t<\/span>\n\t\t\t\t\t<\/a>\n\t\t\t\t<\/div>\n\t\t\t\t\t\t\t\t<\/div>\n\t\t\t\t<\/div>\n\t\t\t\t\t<\/div>\n\t\t<\/div>\n\t\t\t\t\t<\/div>\n\t\t<\/section>\n\t\t\t\t\t<\/div>\n\t\t<\/div>\n\t\t\t\t\t<\/div>\n\t\t<\/section>\n\t\t\t\t<\/div>","protected":false},"excerpt":{"rendered":"<p>MANAGEMENT TRAINING, PROGRAM &#038; PROJECT SUPPORT &#8220;Tomorrow belongs to the people who prepare for it today.&#8221; \u2013Malcolm X Contact Us Program And Project Management Training Teaching a new way of doing things Establishing a new program or project is an overwhelming task that involves carefully studying and evaluating a plethora of variables. To assist you [&hellip;]<\/p>\n","protected":false},"author":4,"featured_media":0,"parent":0,"menu_order":0,"comment_status":"closed","ping_status":"closed","template":"","meta":{"_crdt_document":"","_uag_custom_page_level_css":"","footnotes":""},"class_list":["post-1615","page","type-page","status-publish","hentry"],"uagb_featured_image_src":{"full":false,"thumbnail":false,"medium":false,"medium_large":false,"large":false,"1536x1536":false,"2048x2048":false,"trp-custom-language-flag":false,"blog-list-post-size":false},"uagb_author_info":{"display_name":"Hamza Chohan","author_link":"https:\/\/kulturedadvisors.com\/fr\/author\/hamzachohan\/"},"uagb_comment_info":0,"uagb_excerpt":"MANAGEMENT TRAINING, PROGRAM &#038; PROJECT SUPPORT &#8220;Tomorrow belongs to the people who prepare for it today.&#8221; \u2013Malcolm X Contact Us Program And Project Management Training Teaching a new way of doing things Establishing a new program or project is an overwhelming task that involves carefully studying and evaluating a plethora of variables. To assist you\u2026","_links":{"self":[{"href":"https:\/\/kulturedadvisors.com\/fr\/wp-json\/wp\/v2\/pages\/1615","targetHints":{"allow":["GET"]}}],"collection":[{"href":"https:\/\/kulturedadvisors.com\/fr\/wp-json\/wp\/v2\/pages"}],"about":[{"href":"https:\/\/kulturedadvisors.com\/fr\/wp-json\/wp\/v2\/types\/page"}],"author":[{"embeddable":true,"href":"https:\/\/kulturedadvisors.com\/fr\/wp-json\/wp\/v2\/users\/4"}],"replies":[{"embeddable":true,"href":"https:\/\/kulturedadvisors.com\/fr\/wp-json\/wp\/v2\/comments?post=1615"}],"version-history":[{"count":7,"href":"https:\/\/kulturedadvisors.com\/fr\/wp-json\/wp\/v2\/pages\/1615\/revisions"}],"predecessor-version":[{"id":1692,"href":"https:\/\/kulturedadvisors.com\/fr\/wp-json\/wp\/v2\/pages\/1615\/revisions\/1692"}],"wp:attachment":[{"href":"https:\/\/kulturedadvisors.com\/fr\/wp-json\/wp\/v2\/media?parent=1615"}],"curies":[{"name":"wp","href":"https:\/\/api.w.org\/{rel}","templated":true}]}}